{"id":504,"date":"2024-12-06T11:51:50","date_gmt":"2024-12-06T10:51:50","guid":{"rendered":"https:\/\/www.konfektion-goetsch.com\/datenschutz\/"},"modified":"2025-02-24T11:54:19","modified_gmt":"2025-02-24T10:54:19","slug":"privacy-policy","status":"publish","type":"page","link":"https:\/\/www.konfektion-goetsch.com\/it\/privacy-policy\/","title":{"rendered":"Privacy Policy"},"content":{"rendered":"[vc_row type=&#8221;in_container&#8221; full_screen_row_position=&#8221;middle&#8221; column_margin=&#8221;default&#8221; column_direction=&#8221;default&#8221; column_direction_tablet=&#8221;default&#8221; column_direction_phone=&#8221;default&#8221; scene_position=&#8221;center&#8221; text_color=&#8221;dark&#8221; text_align=&#8221;left&#8221; row_border_radius=&#8221;none&#8221; row_border_radius_applies=&#8221;bg&#8221; overflow=&#8221;visible&#8221; overlay_strength=&#8221;0.3&#8243; gradient_direction=&#8221;left_to_right&#8221; shape_divider_position=&#8221;bottom&#8221; bg_image_animation=&#8221;none&#8221;][vc_column column_padding=&#8221;no-extra-padding&#8221; column_padding_tablet=&#8221;inherit&#8221; column_padding_phone=&#8221;inherit&#8221; column_padding_position=&#8221;all&#8221; column_element_direction_desktop=&#8221;default&#8221; column_element_spacing=&#8221;default&#8221; desktop_text_alignment=&#8221;default&#8221; tablet_text_alignment=&#8221;default&#8221; phone_text_alignment=&#8221;default&#8221; background_color_opacity=&#8221;1&#8243; background_hover_color_opacity=&#8221;1&#8243; column_backdrop_filter=&#8221;none&#8221; column_shadow=&#8221;none&#8221; column_border_radius=&#8221;none&#8221; column_link_target=&#8221;_self&#8221; column_position=&#8221;default&#8221; gradient_direction=&#8221;left_to_right&#8221; overlay_strength=&#8221;0.3&#8243; width=&#8221;1\/1&#8243; tablet_width_inherit=&#8221;default&#8221; animation_type=&#8221;default&#8221; bg_image_animation=&#8221;none&#8221; border_type=&#8221;simple&#8221; column_border_width=&#8221;none&#8221; column_border_style=&#8221;solid&#8221;][vc_row_inner column_margin=&#8221;default&#8221; column_direction=&#8221;default&#8221; column_direction_tablet=&#8221;default&#8221; column_direction_phone=&#8221;default&#8221; text_align=&#8221;left&#8221; row_position=&#8221;default&#8221; row_position_tablet=&#8221;inherit&#8221; row_position_phone=&#8221;inherit&#8221; overflow=&#8221;visible&#8221; pointer_events=&#8221;all&#8221;][vc_column_inner column_padding=&#8221;no-extra-padding&#8221; column_padding_tablet=&#8221;inherit&#8221; column_padding_phone=&#8221;inherit&#8221; column_padding_position=&#8221;all&#8221; column_element_direction_desktop=&#8221;default&#8221; column_element_spacing=&#8221;default&#8221; desktop_text_alignment=&#8221;default&#8221; tablet_text_alignment=&#8221;default&#8221; phone_text_alignment=&#8221;default&#8221; background_color_opacity=&#8221;1&#8243; background_hover_color_opacity=&#8221;1&#8243; column_backdrop_filter=&#8221;none&#8221; column_shadow=&#8221;none&#8221; column_border_radius=&#8221;none&#8221; column_link_target=&#8221;_self&#8221; overflow=&#8221;visible&#8221; gradient_direction=&#8221;left_to_right&#8221; overlay_strength=&#8221;0.3&#8243; width=&#8221;1\/1&#8243; tablet_width_inherit=&#8221;default&#8221; animation_type=&#8221;default&#8221; bg_image_animation=&#8221;none&#8221; border_type=&#8221;simple&#8221; column_border_width=&#8221;none&#8221; column_border_style=&#8221;solid&#8221;][vc_column_text css=&#8221;&#8221; text_direction=&#8221;default&#8221;]\n<h3>Privacy Policy<\/h3>\n<p>Obblighi informativi ai sensi degli articoli 13 e 14 del Regolamento Generale sulla Protezione dei Dati (GDPR) 2016\/679<\/p>\n<p class=\"western\"><strong>Il titolare del trattamento dei dati \u00e8:<br \/>\n<\/strong>Konfektion G\u00f6tsch<br \/>\nG\u00f6tsch Elisabeth<br \/>\nvia del Villaggio 4A<br \/>\nI-39010 S. Martino in Passiria (BZ)<\/p>\n<p>Telefono: +39 0473 641672<br \/>\n<span id=\"cloakfd0cb20b1857c9775e2c3ac3566ef1c4\"><\/span><a href=\"mailto:info@konfektion-goetsch.com\">info@konfektion-goetsch.com<\/a><\/p>\n<p data-start=\"395\" data-end=\"554\">Posta certificata (PEC): <a href=\"mailto:konfektion-goetsch@pec.it\" rel=\"noopener\" data-start=\"420\" data-end=\"445\">konfektion-goetsch@pec.it<\/a><br data-start=\"445\" data-end=\"448\" \/>Partita IVA: IT 02576780213<br data-start=\"475\" data-end=\"478\" \/>Numero di registrazione e Camera di Commercio di Bolzano: GTSLBT84E42F132A<\/p>\n<p data-start=\"556\" data-end=\"619\"><strong data-start=\"556\" data-end=\"598\">Responsabile del trattamento dei dati:<\/strong><br data-start=\"598\" data-end=\"601\" \/>G\u00f6tsch Elisabeth<\/p>\n<p data-start=\"621\" data-end=\"933\"><strong data-start=\"621\" data-end=\"718\">Raccolta e conservazione dei dati personali, nonch\u00e9 la natura e la finalit\u00e0 del loro utilizzo<\/strong><br data-start=\"718\" data-end=\"721\" \/>Quando visiti il nostro sito web, il browser utilizzato sul tuo dispositivo invia automaticamente informazioni al server del nostro sito. Queste informazioni vengono temporaneamente memorizzate in un file di log.<\/p>\n<p data-start=\"935\" data-end=\"1044\">Le seguenti informazioni vengono raccolte senza il tuo intervento e memorizzate fino alla loro cancellazione:<\/p>\n<ul data-start=\"1046\" data-end=\"1339\">\n<li data-start=\"1046\" data-end=\"1099\">Indirizzo IP del computer che invia la richiesta,<\/li>\n<li data-start=\"1100\" data-end=\"1128\">Data e ora dell&#8217;accesso,<\/li>\n<li data-start=\"1129\" data-end=\"1164\">Nome e URL del file recuperato,<\/li>\n<li data-start=\"1165\" data-end=\"1227\">Sito web dal quale avviene l&#8217;accesso (URL di riferimento),<\/li>\n<li data-start=\"1228\" data-end=\"1339\">Browser utilizzato e, se necessario, il sistema operativo del tuo computer e il nome del provider di accesso.<\/li>\n<\/ul>\n<p data-start=\"1341\" data-end=\"1405\">I dati sopra indicati vengono trattati per le seguenti finalit\u00e0:<\/p>\n<ul data-start=\"1407\" data-end=\"1608\">\n<li data-start=\"1407\" data-end=\"1459\">Garantire una connessione senza intoppi al sito,<\/li>\n<li data-start=\"1460\" data-end=\"1515\">Garantire un utilizzo confortevole del nostro sito,<\/li>\n<li data-start=\"1516\" data-end=\"1608\">Analizzare la sicurezza e stabilit\u00e0 del sistema, nonch\u00e9 per altre finalit\u00e0 amministrative.<\/li>\n<\/ul>\n<p data-start=\"1610\" data-end=\"1871\">La base giuridica per il trattamento dei dati \u00e8 l&#8217;art. 6 par. 1 lettera f del GDPR. Il nostro interesse legittimo deriva dalle finalit\u00e0 elencate sopra per la raccolta dei dati. In nessun caso utilizziamo i dati raccolti per trarre conclusioni sulla tua persona.<\/p>\n<p data-start=\"1873\" data-end=\"1946\">Questi file di log sono memorizzati sui server di <a href=\"http:\/\/www.aruba.it\" target=\"_new\" rel=\"noopener\" data-start=\"1923\" data-end=\"1935\">www.aruba.it<\/a> in Italia.<\/p>\n<p data-start=\"1948\" data-end=\"2146\"><strong data-start=\"1948\" data-end=\"1968\">Crittografia SSL<\/strong><br data-start=\"1968\" data-end=\"1971\" \/>Per proteggere la sicurezza dei tuoi dati durante la trasmissione, utilizziamo procedure di crittografia (ad esempio SSL) conformi agli standard tecnici attuali tramite HTTPS.<\/p>\n<p data-start=\"2148\" data-end=\"2276\"><strong data-start=\"2148\" data-end=\"2159\">Cookies<\/strong><br data-start=\"2159\" data-end=\"2162\" \/>Inoltre, durante la visita del nostro sito web, utilizziamo i cookie, maggiori informazioni sono disponibili <a href=\"https:\/\/www.konfektion-goetsch.com\/it\/cookies\/\">qui &gt;<\/a><\/p>\n<p data-start=\"2278\" data-end=\"2461\"><strong data-start=\"2278\" data-end=\"2303\">Trasmissione dei dati<\/strong><br data-start=\"2303\" data-end=\"2306\" \/>I tuoi dati personali non vengono trasmessi a terzi per scopi diversi da quelli sotto riportati. I tuoi dati personali vengono condivisi con terzi solo se:<\/p>\n<ul data-start=\"2463\" data-end=\"2835\">\n<li data-start=\"2463\" data-end=\"2502\">Hai dato il tuo esplicito consenso,<\/li>\n<li data-start=\"2503\" data-end=\"2698\">La trasmissione \u00e8 necessaria per far valere, esercitare o difendere diritti legali e non vi sono motivi per ritenere che tu abbia un interesse prevalente e legittimo a non cedere i tuoi dati,<\/li>\n<li data-start=\"2699\" data-end=\"2835\">\u00c8 necessaria per una obbligazione legale e la trasmissione \u00e8 consentita dalla legge e necessaria per l&#8217;esecuzione di contratti con te.<\/li>\n<\/ul>\n<p data-start=\"2837\" data-end=\"3283\"><strong data-start=\"2837\" data-end=\"2863\">Diritto di opposizione<\/strong><br data-start=\"2863\" data-end=\"2866\" \/>Se i tuoi dati personali vengono trattati sulla base di interessi legittimi ai sensi dell&#8217;art. 6 par. 1 lettera f del GDPR, hai il diritto, ai sensi dell&#8217;art. 21 del GDPR, di opporti al trattamento dei tuoi dati personali, se sussistono motivi legittimi che derivano dalla tua situazione particolare.<br data-start=\"3166\" data-end=\"3169\" \/>Se desideri esercitare il tuo diritto di opposizione, \u00e8 sufficiente inviare un&#8217;email a <a href=\"mailto:info@konfektion-goetsch.com\" rel=\"noopener\" data-start=\"3256\" data-end=\"3283\">info@konfektion-goetsch.com<\/a><\/p>\n<p data-start=\"3285\" data-end=\"3623\"><strong data-start=\"3285\" data-end=\"3349\">Aggiornamento e modifica di questa informativa sulla privacy<\/strong><br data-start=\"3349\" data-end=\"3352\" \/>Questa informativa sulla privacy \u00e8 attualmente valida e risale a maggio 2018. A causa dello sviluppo del nostro sito web e delle offerte o a causa di modifiche alle normative legali o amministrative, potrebbe essere necessario modificare questa informativa sulla privacy.<\/p>\n[\/vc_column_text][\/vc_column_inner][\/vc_row_inner][\/vc_column][\/vc_row]\n","protected":false},"excerpt":{"rendered":"<p>[vc_row type=&#8221;in_container&#8221; full_screen_row_position=&#8221;middle&#8221; column_margin=&#8221;default&#8221; column_direction=&#8221;default&#8221; column_direction_tablet=&#8221;default&#8221; column_direction_phone=&#8221;default&#8221; scene_position=&#8221;center&#8221; text_color=&#8221;dark&#8221; text_align=&#8221;left&#8221; row_border_radius=&#8221;none&#8221; row_border_radius_applies=&#8221;bg&#8221; overflow=&#8221;visible&#8221; overlay_strength=&#8221;0.3&#8243; gradient_direction=&#8221;left_to_right&#8221; shape_divider_position=&#8221;bottom&#8221; bg_image_animation=&#8221;none&#8221;][vc_column column_padding=&#8221;no-extra-padding&#8221; column_padding_tablet=&#8221;inherit&#8221; column_padding_phone=&#8221;inherit&#8221; column_padding_position=&#8221;all&#8221; column_element_direction_desktop=&#8221;default&#8221; column_element_spacing=&#8221;default&#8221; desktop_text_alignment=&#8221;default&#8221; tablet_text_alignment=&#8221;default&#8221; phone_text_alignment=&#8221;default&#8221; background_color_opacity=&#8221;1&#8243; background_hover_color_opacity=&#8221;1&#8243; column_backdrop_filter=&#8221;none&#8221; column_shadow=&#8221;none&#8221;&#8230;<\/p>\n","protected":false},"author":2,"featured_media":0,"parent":0,"menu_order":1,"comment_status":"closed","ping_status":"closed","template":"","meta":{"footnotes":""},"class_list":["post-504","page","type-page","status-publish"],"yoast_head":"<!-- This site is optimized with the Yoast SEO plugin v27.0 - https:\/\/yoast.com\/product\/yoast-seo-wordpress\/ -->\n<title>Privacy Policy - Konfektion G\u00f6tsch<\/title>\n<meta name=\"robots\" content=\"index, follow, max-snippet:-1, max-image-preview:large, max-video-preview:-1\" \/>\n<link rel=\"canonical\" href=\"https:\/\/www.konfektion-goetsch.com\/it\/privacy-policy\/\" \/>\n<meta property=\"og:locale\" content=\"it_IT\" \/>\n<meta property=\"og:type\" content=\"article\" \/>\n<meta property=\"og:title\" content=\"Privacy Policy - Konfektion G\u00f6tsch\" \/>\n<meta property=\"og:description\" content=\"[vc_row type=&#8221;in_container&#8221; full_screen_row_position=&#8221;middle&#8221; column_margin=&#8221;default&#8221; column_direction=&#8221;default&#8221; column_direction_tablet=&#8221;default&#8221; column_direction_phone=&#8221;default&#8221; scene_position=&#8221;center&#8221; text_color=&#8221;dark&#8221; text_align=&#8221;left&#8221; row_border_radius=&#8221;none&#8221; row_border_radius_applies=&#8221;bg&#8221; overflow=&#8221;visible&#8221; overlay_strength=&#8221;0.3&#8243; gradient_direction=&#8221;left_to_right&#8221; shape_divider_position=&#8221;bottom&#8221; bg_image_animation=&#8221;none&#8221;][vc_column column_padding=&#8221;no-extra-padding&#8221; column_padding_tablet=&#8221;inherit&#8221; column_padding_phone=&#8221;inherit&#8221; column_padding_position=&#8221;all&#8221; column_element_direction_desktop=&#8221;default&#8221; column_element_spacing=&#8221;default&#8221; desktop_text_alignment=&#8221;default&#8221; tablet_text_alignment=&#8221;default&#8221; phone_text_alignment=&#8221;default&#8221; background_color_opacity=&#8221;1&#8243; background_hover_color_opacity=&#8221;1&#8243; column_backdrop_filter=&#8221;none&#8221; column_shadow=&#8221;none&#8221;...\" \/>\n<meta property=\"og:url\" content=\"https:\/\/www.konfektion-goetsch.com\/it\/privacy-policy\/\" \/>\n<meta property=\"og:site_name\" content=\"Konfektion G\u00f6tsch\" \/>\n<meta property=\"article:publisher\" content=\"https:\/\/www.facebook.com\/konfektiongoetsch\" \/>\n<meta property=\"article:modified_time\" content=\"2025-02-24T10:54:19+00:00\" \/>\n<meta property=\"og:image\" content=\"https:\/\/www.konfektion-goetsch.com\/wp-content\/uploads\/2024\/12\/Konfektion-Goetsch-101.jpg\" \/>\n\t<meta property=\"og:image:width\" content=\"1920\" \/>\n\t<meta property=\"og:image:height\" content=\"1149\" \/>\n\t<meta property=\"og:image:type\" content=\"image\/jpeg\" \/>\n<meta name=\"twitter:card\" content=\"summary_large_image\" \/>\n<meta name=\"twitter:label1\" content=\"Tempo di lettura stimato\" \/>\n\t<meta name=\"twitter:data1\" content=\"3 minuti\" \/>\n<script type=\"application\/ld+json\" class=\"yoast-schema-graph\">{\"@context\":\"https:\/\/schema.org\",\"@graph\":[{\"@type\":\"WebPage\",\"@id\":\"https:\/\/www.konfektion-goetsch.com\/it\/privacy-policy\/\",\"url\":\"https:\/\/www.konfektion-goetsch.com\/it\/privacy-policy\/\",\"name\":\"Privacy Policy - Konfektion G\u00f6tsch\",\"isPartOf\":{\"@id\":\"https:\/\/www.konfektion-goetsch.com\/it\/#website\"},\"datePublished\":\"2024-12-06T10:51:50+00:00\",\"dateModified\":\"2025-02-24T10:54:19+00:00\",\"breadcrumb\":{\"@id\":\"https:\/\/www.konfektion-goetsch.com\/it\/privacy-policy\/#breadcrumb\"},\"inLanguage\":\"it-IT\",\"potentialAction\":[{\"@type\":\"ReadAction\",\"target\":[\"https:\/\/www.konfektion-goetsch.com\/it\/privacy-policy\/\"]}]},{\"@type\":\"BreadcrumbList\",\"@id\":\"https:\/\/www.konfektion-goetsch.com\/it\/privacy-policy\/#breadcrumb\",\"itemListElement\":[{\"@type\":\"ListItem\",\"position\":1,\"name\":\"Startseite\",\"item\":\"https:\/\/www.konfektion-goetsch.com\/it\/\"},{\"@type\":\"ListItem\",\"position\":2,\"name\":\"Privacy Policy\"}]},{\"@type\":\"WebSite\",\"@id\":\"https:\/\/www.konfektion-goetsch.com\/it\/#website\",\"url\":\"https:\/\/www.konfektion-goetsch.com\/it\/\",\"name\":\"Konfektion G\u00f6tsch\",\"description\":\"Damenmode . Herrenmode . Trachtenmode\",\"publisher\":{\"@id\":\"https:\/\/www.konfektion-goetsch.com\/it\/#organization\"},\"potentialAction\":[{\"@type\":\"SearchAction\",\"target\":{\"@type\":\"EntryPoint\",\"urlTemplate\":\"https:\/\/www.konfektion-goetsch.com\/it\/?s={search_term_string}\"},\"query-input\":{\"@type\":\"PropertyValueSpecification\",\"valueRequired\":true,\"valueName\":\"search_term_string\"}}],\"inLanguage\":\"it-IT\"},{\"@type\":\"Organization\",\"@id\":\"https:\/\/www.konfektion-goetsch.com\/it\/#organization\",\"name\":\"Konfektion G\u00f6tsch\",\"url\":\"https:\/\/www.konfektion-goetsch.com\/it\/\",\"logo\":{\"@type\":\"ImageObject\",\"inLanguage\":\"it-IT\",\"@id\":\"https:\/\/www.konfektion-goetsch.com\/it\/#\/schema\/logo\/image\/\",\"url\":\"https:\/\/www.konfektion-goetsch.com\/wp-content\/uploads\/2024\/12\/Logo-Goetsch-1000-dunkel.jpg\",\"contentUrl\":\"https:\/\/www.konfektion-goetsch.com\/wp-content\/uploads\/2024\/12\/Logo-Goetsch-1000-dunkel.jpg\",\"width\":1000,\"height\":427,\"caption\":\"Konfektion G\u00f6tsch\"},\"image\":{\"@id\":\"https:\/\/www.konfektion-goetsch.com\/it\/#\/schema\/logo\/image\/\"},\"sameAs\":[\"https:\/\/www.facebook.com\/konfektiongoetsch\",\"https:\/\/www.instagram.com\/konfektiongoetsch\/\"]}]}<\/script>\n<!-- \/ Yoast SEO plugin. -->","yoast_head_json":{"title":"Privacy Policy - Konfektion G\u00f6tsch","robots":{"index":"index","follow":"follow","max-snippet":"max-snippet:-1","max-image-preview":"max-image-preview:large","max-video-preview":"max-video-preview:-1"},"canonical":"https:\/\/www.konfektion-goetsch.com\/it\/privacy-policy\/","og_locale":"it_IT","og_type":"article","og_title":"Privacy Policy - Konfektion G\u00f6tsch","og_description":"[vc_row type=&#8221;in_container&#8221; full_screen_row_position=&#8221;middle&#8221; column_margin=&#8221;default&#8221; column_direction=&#8221;default&#8221; column_direction_tablet=&#8221;default&#8221; column_direction_phone=&#8221;default&#8221; scene_position=&#8221;center&#8221; text_color=&#8221;dark&#8221; text_align=&#8221;left&#8221; row_border_radius=&#8221;none&#8221; row_border_radius_applies=&#8221;bg&#8221; overflow=&#8221;visible&#8221; overlay_strength=&#8221;0.3&#8243; gradient_direction=&#8221;left_to_right&#8221; shape_divider_position=&#8221;bottom&#8221; bg_image_animation=&#8221;none&#8221;][vc_column column_padding=&#8221;no-extra-padding&#8221; column_padding_tablet=&#8221;inherit&#8221; column_padding_phone=&#8221;inherit&#8221; column_padding_position=&#8221;all&#8221; column_element_direction_desktop=&#8221;default&#8221; column_element_spacing=&#8221;default&#8221; desktop_text_alignment=&#8221;default&#8221; tablet_text_alignment=&#8221;default&#8221; phone_text_alignment=&#8221;default&#8221; background_color_opacity=&#8221;1&#8243; background_hover_color_opacity=&#8221;1&#8243; column_backdrop_filter=&#8221;none&#8221; column_shadow=&#8221;none&#8221;...","og_url":"https:\/\/www.konfektion-goetsch.com\/it\/privacy-policy\/","og_site_name":"Konfektion G\u00f6tsch","article_publisher":"https:\/\/www.facebook.com\/konfektiongoetsch","article_modified_time":"2025-02-24T10:54:19+00:00","og_image":[{"width":1920,"height":1149,"url":"https:\/\/www.konfektion-goetsch.com\/wp-content\/uploads\/2024\/12\/Konfektion-Goetsch-101.jpg","type":"image\/jpeg"}],"twitter_card":"summary_large_image","twitter_misc":{"Tempo di lettura stimato":"3 minuti"},"schema":{"@context":"https:\/\/schema.org","@graph":[{"@type":"WebPage","@id":"https:\/\/www.konfektion-goetsch.com\/it\/privacy-policy\/","url":"https:\/\/www.konfektion-goetsch.com\/it\/privacy-policy\/","name":"Privacy Policy - Konfektion G\u00f6tsch","isPartOf":{"@id":"https:\/\/www.konfektion-goetsch.com\/it\/#website"},"datePublished":"2024-12-06T10:51:50+00:00","dateModified":"2025-02-24T10:54:19+00:00","breadcrumb":{"@id":"https:\/\/www.konfektion-goetsch.com\/it\/privacy-policy\/#breadcrumb"},"inLanguage":"it-IT","potentialAction":[{"@type":"ReadAction","target":["https:\/\/www.konfektion-goetsch.com\/it\/privacy-policy\/"]}]},{"@type":"BreadcrumbList","@id":"https:\/\/www.konfektion-goetsch.com\/it\/privacy-policy\/#breadcrumb","itemListElement":[{"@type":"ListItem","position":1,"name":"Startseite","item":"https:\/\/www.konfektion-goetsch.com\/it\/"},{"@type":"ListItem","position":2,"name":"Privacy Policy"}]},{"@type":"WebSite","@id":"https:\/\/www.konfektion-goetsch.com\/it\/#website","url":"https:\/\/www.konfektion-goetsch.com\/it\/","name":"Konfektion G\u00f6tsch","description":"Damenmode . Herrenmode . Trachtenmode","publisher":{"@id":"https:\/\/www.konfektion-goetsch.com\/it\/#organization"},"potentialAction":[{"@type":"SearchAction","target":{"@type":"EntryPoint","urlTemplate":"https:\/\/www.konfektion-goetsch.com\/it\/?s={search_term_string}"},"query-input":{"@type":"PropertyValueSpecification","valueRequired":true,"valueName":"search_term_string"}}],"inLanguage":"it-IT"},{"@type":"Organization","@id":"https:\/\/www.konfektion-goetsch.com\/it\/#organization","name":"Konfektion G\u00f6tsch","url":"https:\/\/www.konfektion-goetsch.com\/it\/","logo":{"@type":"ImageObject","inLanguage":"it-IT","@id":"https:\/\/www.konfektion-goetsch.com\/it\/#\/schema\/logo\/image\/","url":"https:\/\/www.konfektion-goetsch.com\/wp-content\/uploads\/2024\/12\/Logo-Goetsch-1000-dunkel.jpg","contentUrl":"https:\/\/www.konfektion-goetsch.com\/wp-content\/uploads\/2024\/12\/Logo-Goetsch-1000-dunkel.jpg","width":1000,"height":427,"caption":"Konfektion G\u00f6tsch"},"image":{"@id":"https:\/\/www.konfektion-goetsch.com\/it\/#\/schema\/logo\/image\/"},"sameAs":["https:\/\/www.facebook.com\/konfektiongoetsch","https:\/\/www.instagram.com\/konfektiongoetsch\/"]}]}},"_links":{"self":[{"href":"https:\/\/www.konfektion-goetsch.com\/it\/wp-json\/wp\/v2\/pages\/504","targetHints":{"allow":["GET"]}}],"collection":[{"href":"https:\/\/www.konfektion-goetsch.com\/it\/wp-json\/wp\/v2\/pages"}],"about":[{"href":"https:\/\/www.konfektion-goetsch.com\/it\/wp-json\/wp\/v2\/types\/page"}],"author":[{"embeddable":true,"href":"https:\/\/www.konfektion-goetsch.com\/it\/wp-json\/wp\/v2\/users\/2"}],"replies":[{"embeddable":true,"href":"https:\/\/www.konfektion-goetsch.com\/it\/wp-json\/wp\/v2\/comments?post=504"}],"version-history":[{"count":5,"href":"https:\/\/www.konfektion-goetsch.com\/it\/wp-json\/wp\/v2\/pages\/504\/revisions"}],"predecessor-version":[{"id":512,"href":"https:\/\/www.konfektion-goetsch.com\/it\/wp-json\/wp\/v2\/pages\/504\/revisions\/512"}],"wp:attachment":[{"href":"https:\/\/www.konfektion-goetsch.com\/it\/wp-json\/wp\/v2\/media?parent=504"}],"curies":[{"name":"wp","href":"https:\/\/api.w.org\/{rel}","templated":true}]}}