{"id":507,"date":"2024-12-06T11:52:01","date_gmt":"2024-12-06T10:52:01","guid":{"rendered":"https:\/\/www.konfektion-goetsch.com\/?page_id=507"},"modified":"2025-02-24T11:50:58","modified_gmt":"2025-02-24T10:50:58","slug":"impressum","status":"publish","type":"page","link":"https:\/\/www.konfektion-goetsch.com\/it\/impressum\/","title":{"rendered":"Impressum"},"content":{"rendered":"[vc_row type=&#8221;in_container&#8221; full_screen_row_position=&#8221;middle&#8221; column_margin=&#8221;default&#8221; column_direction=&#8221;default&#8221; column_direction_tablet=&#8221;default&#8221; column_direction_phone=&#8221;default&#8221; scene_position=&#8221;center&#8221; text_color=&#8221;dark&#8221; text_align=&#8221;left&#8221; row_border_radius=&#8221;none&#8221; row_border_radius_applies=&#8221;bg&#8221; overflow=&#8221;visible&#8221; overlay_strength=&#8221;0.3&#8243; gradient_direction=&#8221;left_to_right&#8221; shape_divider_position=&#8221;bottom&#8221; bg_image_animation=&#8221;none&#8221;][vc_column column_padding=&#8221;no-extra-padding&#8221; column_padding_tablet=&#8221;inherit&#8221; column_padding_phone=&#8221;inherit&#8221; column_padding_position=&#8221;all&#8221; column_element_direction_desktop=&#8221;default&#8221; column_element_spacing=&#8221;default&#8221; desktop_text_alignment=&#8221;default&#8221; tablet_text_alignment=&#8221;default&#8221; phone_text_alignment=&#8221;default&#8221; background_color_opacity=&#8221;1&#8243; background_hover_color_opacity=&#8221;1&#8243; column_backdrop_filter=&#8221;none&#8221; column_shadow=&#8221;none&#8221; column_border_radius=&#8221;none&#8221; column_link_target=&#8221;_self&#8221; column_position=&#8221;default&#8221; gradient_direction=&#8221;left_to_right&#8221; overlay_strength=&#8221;0.3&#8243; width=&#8221;1\/1&#8243; tablet_width_inherit=&#8221;default&#8221; animation_type=&#8221;default&#8221; bg_image_animation=&#8221;none&#8221; border_type=&#8221;simple&#8221; column_border_width=&#8221;none&#8221; column_border_style=&#8221;solid&#8221;][vc_row_inner column_margin=&#8221;default&#8221; column_direction=&#8221;default&#8221; column_direction_tablet=&#8221;default&#8221; column_direction_phone=&#8221;default&#8221; text_align=&#8221;left&#8221; row_position=&#8221;default&#8221; row_position_tablet=&#8221;inherit&#8221; row_position_phone=&#8221;inherit&#8221; overflow=&#8221;visible&#8221; pointer_events=&#8221;all&#8221;][vc_column_inner column_padding=&#8221;no-extra-padding&#8221; column_padding_tablet=&#8221;inherit&#8221; column_padding_phone=&#8221;inherit&#8221; column_padding_position=&#8221;all&#8221; column_element_direction_desktop=&#8221;default&#8221; column_element_spacing=&#8221;default&#8221; desktop_text_alignment=&#8221;default&#8221; tablet_text_alignment=&#8221;default&#8221; phone_text_alignment=&#8221;default&#8221; background_color_opacity=&#8221;1&#8243; background_hover_color_opacity=&#8221;1&#8243; column_backdrop_filter=&#8221;none&#8221; column_shadow=&#8221;none&#8221; column_border_radius=&#8221;none&#8221; column_link_target=&#8221;_self&#8221; overflow=&#8221;visible&#8221; gradient_direction=&#8221;left_to_right&#8221; overlay_strength=&#8221;0.3&#8243; width=&#8221;1\/1&#8243; tablet_width_inherit=&#8221;default&#8221; animation_type=&#8221;default&#8221; bg_image_animation=&#8221;none&#8221; border_type=&#8221;simple&#8221; column_border_width=&#8221;none&#8221; column_border_style=&#8221;solid&#8221;][vc_column_text css=&#8221;&#8221; text_direction=&#8221;default&#8221;]\n<h3>Impressum<\/h3>\n<p data-start=\"48\" data-end=\"71\">Proprietario e Editore:<\/p>\n<p data-start=\"73\" data-end=\"165\">Konfektion G\u00f6tsch<br data-start=\"90\" data-end=\"93\" \/>G\u00f6tsch Elisabeth<br \/>\nvia del Villaggio 4A<br \/>\nI-39010 S. Martino in Passiria (BZ)<\/p>\n<p data-start=\"167\" data-end=\"228\">Tel.: +39 0473 641672<br data-start=\"188\" data-end=\"191\" \/>E-Mail: <a href=\"mailto:info@konfektion-goetsch.com\" rel=\"noopener\" data-start=\"199\" data-end=\"226\">info@konfektion-goetsch.com<\/a><\/p>\n<p data-start=\"230\" data-end=\"389\">Posta certificata (PEC):<a href=\"mailto:konfektion-goetsch@pec.it\"> konfektion-goetsch@pec.it<\/a><br data-start=\"280\" data-end=\"283\" \/>Partita IVA: IT 02576780213<br data-start=\"310\" data-end=\"313\" \/>Numero di registrazione e Camera di Commercio di Bolzano: GTSLBT84E42F132A<\/p>\n<p data-start=\"391\" data-end=\"593\"><strong data-start=\"391\" data-end=\"436\">IMPORTANTE (Regolamento (UE) n. 524\/2013)<\/strong><br data-start=\"436\" data-end=\"439\" \/>Piattaforma della Commissione Europea per la Risoluzione Online delle Controversie: <a href=\"http:\/\/www.ec.europa.eu\/consumers\/odr\" target=\"_new\" rel=\"noopener\" data-start=\"523\" data-end=\"553\">www.ec.europa.eu\/consumers\/odr<\/a><br data-start=\"553\" data-end=\"556\" \/>E-Mail: <a href=\"mailto:info@konfektion-goetsch.com\" rel=\"noopener\" data-start=\"564\" data-end=\"591\">info@konfektion-goetsch.com<\/a><\/p>\n<p data-start=\"391\" data-end=\"593\">&#8212;&#8211;<\/p>\n<p data-start=\"600\" data-end=\"1005\"><strong data-start=\"600\" data-end=\"625\">Avvertenze Importanti<\/strong><br data-start=\"625\" data-end=\"628\" \/>Le informazioni fornite tramite questo sito web sono protette da diritti d&#8217;autore in tutte le loro parti. Il loro utilizzo e sfruttamento \u00e8 consentito esclusivamente per uso personale. Ogni altro tipo di utilizzo richiede il consenso scritto del titolare. Ci\u00f2 riguarda in particolare le riproduzioni, traduzioni, microfilm, memorizzazione e diffusione in sistemi elettronici.<\/p>\n<p data-start=\"1007\" data-end=\"1047\">Alcune immagini sono tratte da Envato.<\/p>\n<p data-start=\"1049\" data-end=\"1101\"><strong data-start=\"1049\" data-end=\"1076\">Design e Programmazione<\/strong><br data-start=\"1076\" data-end=\"1079\" \/><a href=\"https:\/\/fahrner.it\/\" target=\"_blank\" rel=\"noopener\">fahrner web . grafik<\/a><\/p>\n<p data-start=\"1103\" data-end=\"1876\"><strong data-start=\"1103\" data-end=\"1135\">Esclusione di responsabilit\u00e0<\/strong><br data-start=\"1135\" data-end=\"1138\" \/>Da questo sito web (&#8220;sito&#8221;) sono presenti link a pagine esterne, gestite e\/o pubblicate da operatori esterni. Queste pagine si trovano al di fuori della nostra area di competenza. Pertanto, non possiamo garantire n\u00e9 assumere alcuna responsabilit\u00e0 per i contenuti di queste pagine. La responsabilit\u00e0 per tali contenuti \u00e8 esclusivamente degli operatori di tali pagine. Al momento dell&#8217;inserimento del link, non erano presenti contenuti palesemente illegali nelle pagine collegate. Le opinioni espresse su queste pagine possono differire dalle nostre. Questo sito web viene regolarmente aggiornato. Tuttavia, non possiamo garantire l&#8217;accuratezza, la legalit\u00e0, l&#8217;attualit\u00e0, la completezza e la disponibilit\u00e0 delle informazioni e\/o dei dati.<\/p>\n[\/vc_column_text][\/vc_column_inner][\/vc_row_inner][\/vc_column][\/vc_row]\n","protected":false},"excerpt":{"rendered":"<p>[vc_row type=&#8221;in_container&#8221; full_screen_row_position=&#8221;middle&#8221; column_margin=&#8221;default&#8221; column_direction=&#8221;default&#8221; column_direction_tablet=&#8221;default&#8221; column_direction_phone=&#8221;default&#8221; scene_position=&#8221;center&#8221; text_color=&#8221;dark&#8221; text_align=&#8221;left&#8221; row_border_radius=&#8221;none&#8221; row_border_radius_applies=&#8221;bg&#8221; overflow=&#8221;visible&#8221; overlay_strength=&#8221;0.3&#8243; gradient_direction=&#8221;left_to_right&#8221; shape_divider_position=&#8221;bottom&#8221; bg_image_animation=&#8221;none&#8221;][vc_column column_padding=&#8221;no-extra-padding&#8221; column_padding_tablet=&#8221;inherit&#8221; column_padding_phone=&#8221;inherit&#8221; column_padding_position=&#8221;all&#8221; column_element_direction_desktop=&#8221;default&#8221; column_element_spacing=&#8221;default&#8221; desktop_text_alignment=&#8221;default&#8221; tablet_text_alignment=&#8221;default&#8221; phone_text_alignment=&#8221;default&#8221; background_color_opacity=&#8221;1&#8243; background_hover_color_opacity=&#8221;1&#8243; column_backdrop_filter=&#8221;none&#8221; column_shadow=&#8221;none&#8221;&#8230;<\/p>\n","protected":false},"author":2,"featured_media":0,"parent":0,"menu_order":2,"comment_status":"closed","ping_status":"closed","template":"","meta":{"footnotes":""},"class_list":["post-507","page","type-page","status-publish"],"yoast_head":"<!-- This site is optimized with the Yoast SEO plugin v27.0 - https:\/\/yoast.com\/product\/yoast-seo-wordpress\/ -->\n<title>Impressum - Konfektion G\u00f6tsch<\/title>\n<meta name=\"robots\" content=\"index, follow, max-snippet:-1, max-image-preview:large, max-video-preview:-1\" \/>\n<link rel=\"canonical\" href=\"https:\/\/www.konfektion-goetsch.com\/it\/impressum\/\" \/>\n<meta property=\"og:locale\" content=\"it_IT\" \/>\n<meta property=\"og:type\" content=\"article\" \/>\n<meta property=\"og:title\" content=\"Impressum - Konfektion G\u00f6tsch\" \/>\n<meta property=\"og:description\" content=\"[vc_row type=&#8221;in_container&#8221; full_screen_row_position=&#8221;middle&#8221; column_margin=&#8221;default&#8221; column_direction=&#8221;default&#8221; column_direction_tablet=&#8221;default&#8221; column_direction_phone=&#8221;default&#8221; scene_position=&#8221;center&#8221; text_color=&#8221;dark&#8221; text_align=&#8221;left&#8221; row_border_radius=&#8221;none&#8221; row_border_radius_applies=&#8221;bg&#8221; overflow=&#8221;visible&#8221; overlay_strength=&#8221;0.3&#8243; gradient_direction=&#8221;left_to_right&#8221; shape_divider_position=&#8221;bottom&#8221; bg_image_animation=&#8221;none&#8221;][vc_column column_padding=&#8221;no-extra-padding&#8221; column_padding_tablet=&#8221;inherit&#8221; column_padding_phone=&#8221;inherit&#8221; column_padding_position=&#8221;all&#8221; column_element_direction_desktop=&#8221;default&#8221; column_element_spacing=&#8221;default&#8221; desktop_text_alignment=&#8221;default&#8221; tablet_text_alignment=&#8221;default&#8221; phone_text_alignment=&#8221;default&#8221; background_color_opacity=&#8221;1&#8243; background_hover_color_opacity=&#8221;1&#8243; column_backdrop_filter=&#8221;none&#8221; column_shadow=&#8221;none&#8221;...\" \/>\n<meta property=\"og:url\" content=\"https:\/\/www.konfektion-goetsch.com\/it\/impressum\/\" \/>\n<meta property=\"og:site_name\" content=\"Konfektion G\u00f6tsch\" \/>\n<meta property=\"article:publisher\" content=\"https:\/\/www.facebook.com\/konfektiongoetsch\" \/>\n<meta property=\"article:modified_time\" content=\"2025-02-24T10:50:58+00:00\" \/>\n<meta property=\"og:image\" content=\"https:\/\/www.konfektion-goetsch.com\/wp-content\/uploads\/2024\/12\/Konfektion-Goetsch-101.jpg\" \/>\n\t<meta property=\"og:image:width\" content=\"1920\" \/>\n\t<meta property=\"og:image:height\" content=\"1149\" \/>\n\t<meta property=\"og:image:type\" content=\"image\/jpeg\" \/>\n<meta name=\"twitter:card\" content=\"summary_large_image\" \/>\n<meta name=\"twitter:label1\" content=\"Tempo di lettura stimato\" \/>\n\t<meta name=\"twitter:data1\" content=\"2 minuti\" \/>\n<script type=\"application\/ld+json\" class=\"yoast-schema-graph\">{\"@context\":\"https:\/\/schema.org\",\"@graph\":[{\"@type\":\"WebPage\",\"@id\":\"https:\/\/www.konfektion-goetsch.com\/it\/impressum\/\",\"url\":\"https:\/\/www.konfektion-goetsch.com\/it\/impressum\/\",\"name\":\"Impressum - Konfektion G\u00f6tsch\",\"isPartOf\":{\"@id\":\"https:\/\/www.konfektion-goetsch.com\/it\/#website\"},\"datePublished\":\"2024-12-06T10:52:01+00:00\",\"dateModified\":\"2025-02-24T10:50:58+00:00\",\"breadcrumb\":{\"@id\":\"https:\/\/www.konfektion-goetsch.com\/it\/impressum\/#breadcrumb\"},\"inLanguage\":\"it-IT\",\"potentialAction\":[{\"@type\":\"ReadAction\",\"target\":[\"https:\/\/www.konfektion-goetsch.com\/it\/impressum\/\"]}]},{\"@type\":\"BreadcrumbList\",\"@id\":\"https:\/\/www.konfektion-goetsch.com\/it\/impressum\/#breadcrumb\",\"itemListElement\":[{\"@type\":\"ListItem\",\"position\":1,\"name\":\"Startseite\",\"item\":\"https:\/\/www.konfektion-goetsch.com\/it\/\"},{\"@type\":\"ListItem\",\"position\":2,\"name\":\"Impressum\"}]},{\"@type\":\"WebSite\",\"@id\":\"https:\/\/www.konfektion-goetsch.com\/it\/#website\",\"url\":\"https:\/\/www.konfektion-goetsch.com\/it\/\",\"name\":\"Konfektion G\u00f6tsch\",\"description\":\"Damenmode . Herrenmode . Trachtenmode\",\"publisher\":{\"@id\":\"https:\/\/www.konfektion-goetsch.com\/it\/#organization\"},\"potentialAction\":[{\"@type\":\"SearchAction\",\"target\":{\"@type\":\"EntryPoint\",\"urlTemplate\":\"https:\/\/www.konfektion-goetsch.com\/it\/?s={search_term_string}\"},\"query-input\":{\"@type\":\"PropertyValueSpecification\",\"valueRequired\":true,\"valueName\":\"search_term_string\"}}],\"inLanguage\":\"it-IT\"},{\"@type\":\"Organization\",\"@id\":\"https:\/\/www.konfektion-goetsch.com\/it\/#organization\",\"name\":\"Konfektion G\u00f6tsch\",\"url\":\"https:\/\/www.konfektion-goetsch.com\/it\/\",\"logo\":{\"@type\":\"ImageObject\",\"inLanguage\":\"it-IT\",\"@id\":\"https:\/\/www.konfektion-goetsch.com\/it\/#\/schema\/logo\/image\/\",\"url\":\"https:\/\/www.konfektion-goetsch.com\/wp-content\/uploads\/2024\/12\/Logo-Goetsch-1000-dunkel.jpg\",\"contentUrl\":\"https:\/\/www.konfektion-goetsch.com\/wp-content\/uploads\/2024\/12\/Logo-Goetsch-1000-dunkel.jpg\",\"width\":1000,\"height\":427,\"caption\":\"Konfektion G\u00f6tsch\"},\"image\":{\"@id\":\"https:\/\/www.konfektion-goetsch.com\/it\/#\/schema\/logo\/image\/\"},\"sameAs\":[\"https:\/\/www.facebook.com\/konfektiongoetsch\",\"https:\/\/www.instagram.com\/konfektiongoetsch\/\"]}]}<\/script>\n<!-- \/ Yoast SEO plugin. -->","yoast_head_json":{"title":"Impressum - Konfektion G\u00f6tsch","robots":{"index":"index","follow":"follow","max-snippet":"max-snippet:-1","max-image-preview":"max-image-preview:large","max-video-preview":"max-video-preview:-1"},"canonical":"https:\/\/www.konfektion-goetsch.com\/it\/impressum\/","og_locale":"it_IT","og_type":"article","og_title":"Impressum - Konfektion G\u00f6tsch","og_description":"[vc_row type=&#8221;in_container&#8221; full_screen_row_position=&#8221;middle&#8221; column_margin=&#8221;default&#8221; column_direction=&#8221;default&#8221; column_direction_tablet=&#8221;default&#8221; column_direction_phone=&#8221;default&#8221; scene_position=&#8221;center&#8221; text_color=&#8221;dark&#8221; text_align=&#8221;left&#8221; row_border_radius=&#8221;none&#8221; row_border_radius_applies=&#8221;bg&#8221; overflow=&#8221;visible&#8221; overlay_strength=&#8221;0.3&#8243; gradient_direction=&#8221;left_to_right&#8221; shape_divider_position=&#8221;bottom&#8221; bg_image_animation=&#8221;none&#8221;][vc_column column_padding=&#8221;no-extra-padding&#8221; column_padding_tablet=&#8221;inherit&#8221; column_padding_phone=&#8221;inherit&#8221; column_padding_position=&#8221;all&#8221; column_element_direction_desktop=&#8221;default&#8221; column_element_spacing=&#8221;default&#8221; desktop_text_alignment=&#8221;default&#8221; tablet_text_alignment=&#8221;default&#8221; phone_text_alignment=&#8221;default&#8221; background_color_opacity=&#8221;1&#8243; background_hover_color_opacity=&#8221;1&#8243; column_backdrop_filter=&#8221;none&#8221; column_shadow=&#8221;none&#8221;...","og_url":"https:\/\/www.konfektion-goetsch.com\/it\/impressum\/","og_site_name":"Konfektion G\u00f6tsch","article_publisher":"https:\/\/www.facebook.com\/konfektiongoetsch","article_modified_time":"2025-02-24T10:50:58+00:00","og_image":[{"width":1920,"height":1149,"url":"https:\/\/www.konfektion-goetsch.com\/wp-content\/uploads\/2024\/12\/Konfektion-Goetsch-101.jpg","type":"image\/jpeg"}],"twitter_card":"summary_large_image","twitter_misc":{"Tempo di lettura stimato":"2 minuti"},"schema":{"@context":"https:\/\/schema.org","@graph":[{"@type":"WebPage","@id":"https:\/\/www.konfektion-goetsch.com\/it\/impressum\/","url":"https:\/\/www.konfektion-goetsch.com\/it\/impressum\/","name":"Impressum - Konfektion G\u00f6tsch","isPartOf":{"@id":"https:\/\/www.konfektion-goetsch.com\/it\/#website"},"datePublished":"2024-12-06T10:52:01+00:00","dateModified":"2025-02-24T10:50:58+00:00","breadcrumb":{"@id":"https:\/\/www.konfektion-goetsch.com\/it\/impressum\/#breadcrumb"},"inLanguage":"it-IT","potentialAction":[{"@type":"ReadAction","target":["https:\/\/www.konfektion-goetsch.com\/it\/impressum\/"]}]},{"@type":"BreadcrumbList","@id":"https:\/\/www.konfektion-goetsch.com\/it\/impressum\/#breadcrumb","itemListElement":[{"@type":"ListItem","position":1,"name":"Startseite","item":"https:\/\/www.konfektion-goetsch.com\/it\/"},{"@type":"ListItem","position":2,"name":"Impressum"}]},{"@type":"WebSite","@id":"https:\/\/www.konfektion-goetsch.com\/it\/#website","url":"https:\/\/www.konfektion-goetsch.com\/it\/","name":"Konfektion G\u00f6tsch","description":"Damenmode . Herrenmode . Trachtenmode","publisher":{"@id":"https:\/\/www.konfektion-goetsch.com\/it\/#organization"},"potentialAction":[{"@type":"SearchAction","target":{"@type":"EntryPoint","urlTemplate":"https:\/\/www.konfektion-goetsch.com\/it\/?s={search_term_string}"},"query-input":{"@type":"PropertyValueSpecification","valueRequired":true,"valueName":"search_term_string"}}],"inLanguage":"it-IT"},{"@type":"Organization","@id":"https:\/\/www.konfektion-goetsch.com\/it\/#organization","name":"Konfektion G\u00f6tsch","url":"https:\/\/www.konfektion-goetsch.com\/it\/","logo":{"@type":"ImageObject","inLanguage":"it-IT","@id":"https:\/\/www.konfektion-goetsch.com\/it\/#\/schema\/logo\/image\/","url":"https:\/\/www.konfektion-goetsch.com\/wp-content\/uploads\/2024\/12\/Logo-Goetsch-1000-dunkel.jpg","contentUrl":"https:\/\/www.konfektion-goetsch.com\/wp-content\/uploads\/2024\/12\/Logo-Goetsch-1000-dunkel.jpg","width":1000,"height":427,"caption":"Konfektion G\u00f6tsch"},"image":{"@id":"https:\/\/www.konfektion-goetsch.com\/it\/#\/schema\/logo\/image\/"},"sameAs":["https:\/\/www.facebook.com\/konfektiongoetsch","https:\/\/www.instagram.com\/konfektiongoetsch\/"]}]}},"_links":{"self":[{"href":"https:\/\/www.konfektion-goetsch.com\/it\/wp-json\/wp\/v2\/pages\/507","targetHints":{"allow":["GET"]}}],"collection":[{"href":"https:\/\/www.konfektion-goetsch.com\/it\/wp-json\/wp\/v2\/pages"}],"about":[{"href":"https:\/\/www.konfektion-goetsch.com\/it\/wp-json\/wp\/v2\/types\/page"}],"author":[{"embeddable":true,"href":"https:\/\/www.konfektion-goetsch.com\/it\/wp-json\/wp\/v2\/users\/2"}],"replies":[{"embeddable":true,"href":"https:\/\/www.konfektion-goetsch.com\/it\/wp-json\/wp\/v2\/comments?post=507"}],"version-history":[{"count":2,"href":"https:\/\/www.konfektion-goetsch.com\/it\/wp-json\/wp\/v2\/pages\/507\/revisions"}],"predecessor-version":[{"id":510,"href":"https:\/\/www.konfektion-goetsch.com\/it\/wp-json\/wp\/v2\/pages\/507\/revisions\/510"}],"wp:attachment":[{"href":"https:\/\/www.konfektion-goetsch.com\/it\/wp-json\/wp\/v2\/media?parent=507"}],"curies":[{"name":"wp","href":"https:\/\/api.w.org\/{rel}","templated":true}]}}